{"id":8487,"date":"2024-06-07T17:55:24","date_gmt":"2024-06-07T16:55:24","guid":{"rendered":"https:\/\/www.agostinhoserra.com\/?page_id=8487"},"modified":"2024-06-07T17:50:40","modified_gmt":"2024-06-07T16:50:40","slug":"contacto","status":"publish","type":"page","link":"https:\/\/www.agostinhoserra.com\/en\/contacto\/","title":{"rendered":"contacto"},"content":{"rendered":"<div class=\"grve-section grve-row-section grve-fullwidth-background grve-percentage-height grve-padding-top-1x grve-with-bg-image grve-bg-parallax\" data-header-color=\"default\" data-parallax-threshold=\"0.8\" data-height-ratio=\"100\" data-tablet-sm-height-ratio=\"70\" data-mobile-height-ratio=\"50\"><div class=\"grve-container\"><div class=\"grve-row grve-bookmark grve-columns-gap-default grve-mobile-vertical-gap-30 grve-percentage-content\"><div class=\"grve-column wpb_column grve-bookmark grve-column-1-6  grve-tablet-sm-column-hide grve-mobile-column-hide grve-with-bg-transparent grve-empty-column\"><div class=\"grve-column-wrapper\"><div class=\"grve-column-content\" ><\/div><\/div><\/div><div class=\"grve-column wpb_column grve-bookmark grve-column-2-3  grve-tablet-column-5-6 grve-tablet-sm-column-1 grve-vertical-position-middle grve-with-bg-transparent\"><div class=\"grve-column-wrapper\"><div class=\"grve-column-content\" ><div class=\"grve-empty-space grve-height-2x\"><\/div><h1 data-animation=\"fade-in-up\" data-delay=\"200\" data-duration=\"normal\" class=\"grve-element grve-title grve-align-inherit grve-animated-item grve-page-title grve-text-primary-2\"><span>Let's talk!<\/span><\/h1><div class=\"grve-element grve-text grve-animated-item\" data-animation=\"fade-in-up\" data-delay=\"400\" data-duration=\"normal\">\r\n\t\t\t<p>If you have any questions or just want to make a comment, you can send <a class=\"sublinhado\" href=\"mailto:info@agostinhoserra.com\">email<\/a> or use the <a class=\"sublinhado\" href=\"#form\">form<\/a> below to leave a message.<\/p>\n\r\n\t\t<\/div>\r\n\t<div class=\"grve-empty-space grve-height-2x\"><\/div><\/div><\/div><\/div><div class=\"grve-column wpb_column grve-bookmark grve-column-1-6  grve-with-bg-transparent grve-empty-column\"><div class=\"grve-column-wrapper\"><div class=\"grve-column-content\" ><\/div><\/div><\/div><\/div><\/div><div class=\"grve-background-wrapper\">  <div class=\"grve-bg-image grve-bg-image-id-7692\"   style=\"background-image: url(https:\/\/www.agostinhoserra.com\/wp-content\/uploads\/2022\/07\/contactos_background_light.svg);\"><\/div><\/div><\/div><div class=\"grve-section grve-row-section grve-fullwidth-background grve-with-bg-transparent\" data-header-color=\"default\"><div class=\"grve-container\"><div class=\"grve-row grve-bookmark grve-columns-gap-default grve-mobile-vertical-gap-30\"><div class=\"grve-column wpb_column grve-bookmark grve-column-1 grve-wpb-1599555514822 grve-with-bg-transparent\"><div class=\"grve-column-wrapper\"><div class=\"grve-column-content\" ><div class=\"grve-element grve-divider\"><div class=\"grve-vertical-divider grve-align-center grve-height-3x grve-line-anim-top-bottom\" style=\"width: 2px;\"><span class=\"grve-bg-primary-3\"><\/span><\/div><\/div><\/div><\/div><\/div><\/div><\/div><\/div><div class=\"grve-section grve-row-section grve-fullwidth-background grve-padding-top-4x grve-padding-bottom-4x grve-with-bg-gradient\" id=\"form\" data-header-color=\"light\"  style=\"background-color:#984063;background: linear-gradient(45deg,#984063 0%,#e94969 100%);\"><div class=\"grve-container\"><div class=\"grve-row grve-bookmark grve-columns-gap-default grve-mobile-vertical-gap-30\"><div class=\"grve-column wpb_column grve-bookmark grve-column-1-6  grve-tablet-column-1-12 grve-tablet-sm-column-hide grve-with-bg-transparent grve-empty-column\"><div class=\"grve-column-wrapper\"><div class=\"grve-column-content\" ><\/div><\/div><\/div><div class=\"grve-column wpb_column grve-bookmark grve-column-2-3  grve-tablet-column-5-6 grve-tablet-sm-column-1 grve-with-bg-transparent\"><div class=\"grve-column-wrapper\"><div class=\"grve-column-content\" ><h3 class=\"grve-element grve-title grve-align-center grve-h6 grve-text-white\" style=\"margin-bottom: 0px;\"><span>CONTACT FORM<\/span><\/h3><div class=\"grve-empty-space grve-height-2x\"><\/div><div class=\"grve-element grve-contact-form grve-small-text grve-form-btn-simple grve-form-btn-square grve-form-btn-bg-primary-2 grve-form-btn-bg-hover-primary-1 grve-form-btn-medium grve-form-input-border-type-solid grve-form-input-border-grey grve-form-input-text-primary-4 grve-form-input-placeholder-primary-6 grve-form-input-bg-light-grey\">\n<div class=\"wpcf7 no-js\" id=\"wpcf7-f7670-o1\" lang=\"pt-PT\" dir=\"ltr\" data-wpcf7-id=\"7670\">\n<div class=\"screen-reader-response\"><p role=\"status\" aria-live=\"polite\" aria-atomic=\"true\"><\/p> <ul><\/ul><\/div>\n<form action=\"\/en\/wp-json\/wp\/v2\/pages\/8487#wpcf7-f7670-o1\" method=\"post\" class=\"wpcf7-form init\" aria-label=\"Formul\u00e1rio de contacto\" novalidate=\"novalidate\" data-status=\"init\" data-trp-original-action=\"\/en\/wp-json\/wp\/v2\/pages\/8487#wpcf7-f7670-o1\">\n<fieldset class=\"hidden-fields-container\"><input type=\"hidden\" name=\"_wpcf7\" value=\"7670\" \/><input type=\"hidden\" name=\"_wpcf7_version\" value=\"6.1.5\" \/><input type=\"hidden\" name=\"_wpcf7_locale\" value=\"pt_PT\" \/><input type=\"hidden\" name=\"_wpcf7_unit_tag\" value=\"wpcf7-f7670-o1\" \/><input type=\"hidden\" name=\"_wpcf7_container_post\" value=\"0\" \/><input type=\"hidden\" name=\"_wpcf7_posted_data_hash\" value=\"\" \/><input type=\"hidden\" name=\"_uacf7_hidden_conditional_fields\" value=\"\" \/><input type=\"hidden\" name=\"_wpcf7_recaptcha_response\" value=\"\" \/>\n<\/fieldset>\n\t\t\t\t<style>\n\t\t\t\t\t.uacf7-form-7670\t\t\t\t\t::placeholder {\n\t\t\t\t\t\tcolor:\n\t\t\t\t\t\t\t\t\t\t\t\t\t;\n\t\t\t\t\t\tbackground-color:\n\t\t\t\t\t\t\t\t\t\t\t\t\t;\n\t\t\t\t\t\tfont-size:\n\t\t\t\t\t\t\tpx\t\t\t\t\t\t;\n\t\t\t\t\t\tfont-family:\n\t\t\t\t\t\t\t\t\t\t\t\t\t;\n\t\t\t\t\t\tfont-style:\n\t\t\t\t\t\t\tnormal\t\t\t\t\t\t;\n\t\t\t\t\t\tfont-weight:\n\t\t\t\t\t\t\tnormal\t\t\t\t\t\t;\n\t\t\t\t\t}\n\n\t\t\t\t\t.uacf7-form-\n\n\t\t\t\t\t7670\t\t\t\t\t::-webkit-input-placeholder {\n\t\t\t\t\t\t\/* Edge *\/\n\t\t\t\t\t\tcolor:\n\t\t\t\t\t\t\t\t\t\t\t\t\t;\n\t\t\t\t\t\tbackground-color:\n\t\t\t\t\t\t\t\t\t\t\t\t\t;\n\t\t\t\t\t\tfont-size:\n\t\t\t\t\t\t\tpx\t\t\t\t\t\t;\n\t\t\t\t\t\tfont-family:\n\t\t\t\t\t\t\t\t\t\t\t\t\t;\n\t\t\t\t\t\tfont-style:\n\t\t\t\t\t\t\tnormal\t\t\t\t\t\t;\n\t\t\t\t\t\tfont-weight:\n\t\t\t\t\t\t\tnormal\t\t\t\t\t\t;\n\t\t\t\t\t}\n\n\t\t\t\t\t.uacf7-form-\n\n\t\t\t\t\t7670\t\t\t\t\t:-ms-input-placeholder {\n\t\t\t\t\t\t\/* Internet Explorer 10-11 *\/\n\t\t\t\t\t\tcolor:\n\t\t\t\t\t\t\t\t\t\t\t\t\t;\n\t\t\t\t\t\tbackground-color:\n\t\t\t\t\t\t\t\t\t\t\t\t\t;\n\t\t\t\t\t\tfont-size:\n\t\t\t\t\t\t\tpx\t\t\t\t\t\t;\n\t\t\t\t\t\tfont-family:\n\t\t\t\t\t\t\t\t\t\t\t\t\t;\n\t\t\t\t\t\tfont-style:\n\t\t\t\t\t\t\tnormal\t\t\t\t\t\t;\n\t\t\t\t\t\tfont-weight:\n\t\t\t\t\t\t\tnormal\t\t\t\t\t\t;\n\t\t\t\t\t}\n\t\t\t\t<\/style>\n\t\t\t\t<div class=\"uacf7-form-wrapper-container uacf7-form-7670\"><div class=\"uacf7-row\"><div class=\"uacf7-col-6\">\n<label> Name\n    <span class=\"wpcf7-form-control-wrap\" data-name=\"your-name\"><input size=\"40\" maxlength=\"400\" class=\"wpcf7-form-control wpcf7-text wpcf7-validates-as-required\" aria-required=\"true\" aria-invalid=\"false\" value=\"\" type=\"text\" name=\"your-name\" \/><\/span> <\/label>\n<\/div>\n<div class=\"uacf7-col-6\">\n<label> E-Mail\n    <span class=\"wpcf7-form-control-wrap\" data-name=\"your-email\"><input size=\"40\" maxlength=\"400\" class=\"wpcf7-form-control wpcf7-email wpcf7-validates-as-required wpcf7-text wpcf7-validates-as-email\" aria-required=\"true\" aria-invalid=\"false\" value=\"\" type=\"email\" name=\"your-email\" \/><\/span> <\/label>\n<\/div><\/div>\n\n<label> Subject\n    <span class=\"wpcf7-form-control-wrap\" data-name=\"your-subject\"><input size=\"40\" maxlength=\"400\" class=\"wpcf7-form-control wpcf7-text wpcf7-validates-as-required\" aria-required=\"true\" aria-invalid=\"false\" value=\"\" type=\"text\" name=\"your-subject\" \/><\/span> <\/label>\n\n<label> Message\n    <span class=\"wpcf7-form-control-wrap\" data-name=\"your-message\"><textarea cols=\"40\" rows=\"10\" maxlength=\"2000\" class=\"wpcf7-form-control wpcf7-textarea wpcf7-validates-as-required\" aria-required=\"true\" aria-invalid=\"false\" name=\"your-message\"><\/textarea><\/span> <\/label>\n\n<div class=\"uacf7-row\"><div class=\"uacf7-col-12\"> <input class=\"wpcf7-form-control wpcf7-submit has-spinner\" type=\"submit\" value=\"SEND\" \/> <\/div><\/div><\/div><div class=\"wpcf7-response-output\" aria-hidden=\"true\"><\/div>\n<input type=\"hidden\" name=\"trp-form-language\" value=\"en\"\/><\/form>\n<\/div>\n<\/div><\/div><\/div><\/div><div class=\"grve-column wpb_column grve-bookmark grve-column-1-6  grve-tablet-column-1-12 grve-tablet-sm-column-hide grve-with-bg-transparent grve-empty-column\"><div class=\"grve-column-wrapper\"><div class=\"grve-column-content\" ><\/div><\/div><\/div><\/div><\/div><\/div>","protected":false},"excerpt":{"rendered":"Vamos falar! Se tiver alguma d\u00favida ou apenas quiser fazer um coment\u00e1rio, pode mandar email ou usar o formul\u00e1rio abaixo para deixar uma mensagem. FORMUL\u00c1RIO DE CONTACTO Nome E-mail Assunto Mensagem","protected":false},"author":1,"featured_media":7849,"parent":0,"menu_order":0,"comment_status":"closed","ping_status":"closed","template":"","meta":{"inline_featured_image":false,"footnotes":""},"class_list":["post-8487","page","type-page","status-publish","has-post-thumbnail","hentry","grve-entry-item"],"_links":{"self":[{"href":"https:\/\/www.agostinhoserra.com\/en\/wp-json\/wp\/v2\/pages\/8487","targetHints":{"allow":["GET"]}}],"collection":[{"href":"https:\/\/www.agostinhoserra.com\/en\/wp-json\/wp\/v2\/pages"}],"about":[{"href":"https:\/\/www.agostinhoserra.com\/en\/wp-json\/wp\/v2\/types\/page"}],"author":[{"embeddable":true,"href":"https:\/\/www.agostinhoserra.com\/en\/wp-json\/wp\/v2\/users\/1"}],"replies":[{"embeddable":true,"href":"https:\/\/www.agostinhoserra.com\/en\/wp-json\/wp\/v2\/comments?post=8487"}],"version-history":[{"count":3,"href":"https:\/\/www.agostinhoserra.com\/en\/wp-json\/wp\/v2\/pages\/8487\/revisions"}],"predecessor-version":[{"id":8489,"href":"https:\/\/www.agostinhoserra.com\/en\/wp-json\/wp\/v2\/pages\/8487\/revisions\/8489"}],"wp:featuredmedia":[{"embeddable":true,"href":"https:\/\/www.agostinhoserra.com\/en\/wp-json\/wp\/v2\/media\/7849"}],"wp:attachment":[{"href":"https:\/\/www.agostinhoserra.com\/en\/wp-json\/wp\/v2\/media?parent=8487"}],"curies":[{"name":"wp","href":"https:\/\/api.w.org\/{rel}","templated":true}]}}